{"id":3,"date":"2021-04-30T09:55:42","date_gmt":"2021-04-30T07:55:42","guid":{"rendered":"https:\/\/www.06planet.org\/?page_id=3"},"modified":"2021-06-07T21:38:37","modified_gmt":"2021-06-07T19:38:37","slug":"politique-de-confidentialite","status":"publish","type":"page","link":"https:\/\/www.06planet.org\/fr\/politique-de-confidentialite\/","title":{"rendered":"POLITIQUE DE CONFIDENTIALIT\u00c9"},"content":{"rendered":"\t\t<div data-elementor-type=\"wp-page\" data-elementor-id=\"3\" class=\"elementor elementor-3\" data-elementor-post-type=\"page\">\n\t\t\t\t\t\t<section class=\"elementor-section elementor-top-section elementor-element elementor-element-a8e983d elementor-section-boxed elementor-section-height-default elementor-section-height-default\" data-id=\"a8e983d\" data-element_type=\"section\">\n\t\t\t\t\t\t<div class=\"elementor-container elementor-column-gap-default\">\n\t\t\t\t\t<div class=\"elementor-column elementor-col-100 elementor-top-column elementor-element elementor-element-359fe07c\" data-id=\"359fe07c\" data-element_type=\"column\">\n\t\t\t<div class=\"elementor-widget-wrap elementor-element-populated\">\n\t\t\t\t\t\t<div class=\"elementor-element elementor-element-3679e031 elementor-widget elementor-widget-text-editor\" data-id=\"3679e031\" data-element_type=\"widget\" data-widget_type=\"text-editor.default\">\n\t\t\t\t<div class=\"elementor-widget-container\">\n\t\t\t\t\t\t\t\t\t\n<h2 class=\"wp-block-heading\">Qui sommes-nous\u00a0?<\/h2>\n\n\n\n<p>L\u2019adresse de notre site est\u00a0: https:\/\/www.06planet.org.<\/p>\n<p>Webdesigner : <a href=\"https:\/\/www.victoria-ghirardi-design.com\" target=\"_blank\" rel=\"follow noopener noreferrer\">https:\/\/www.victoria-ghirardi-design.com<\/a><\/p>\n\n\n\n<h2 class=\"wp-block-heading\">Commentaires<\/h2>\n\n\n\n<p>Quand vous laissez un commentaire sur notre site, les donn\u00e9es inscrites dans le formulaire de commentaire, mais aussi votre adresse IP et l\u2019agent utilisateur de votre navigateur sont collect\u00e9s pour nous aider \u00e0 la d\u00e9tection des commentaires ind\u00e9sirables.<\/p>\n\n\n\n<p>Une cha\u00eene anonymis\u00e9e cr\u00e9\u00e9e \u00e0 partir de votre adresse e-mail (\u00e9galement appel\u00e9e hash) peut \u00eatre envoy\u00e9e au service Gravatar pour v\u00e9rifier si vous utilisez ce dernier. Les clauses de confidentialit\u00e9 du service Gravatar sont disponibles ici\u00a0: https:\/\/automattic.com\/privacy\/. Apr\u00e8s validation de votre commentaire, votre photo de profil sera visible publiquement \u00e0 cot\u00e9 de votre commentaire.<\/p>\n\n\n\n\n\n<h2 class=\"wp-block-heading\">Cookies<\/h2>\n\n\n\n\n\n<p>Si vous vous rendez sur la page de connexion, un cookie temporaire sera cr\u00e9\u00e9 afin de d\u00e9terminer si votre navigateur accepte les cookies. Il ne contient pas de donn\u00e9es personnelles et sera supprim\u00e9 automatiquement \u00e0 la fermeture de votre navigateur.<\/p>\n\n\n\n\n\n<h2 class=\"wp-block-heading\">Contenu embarqu\u00e9 depuis d\u2019autres sites<\/h2>\n\n\n\n<p><strong class=\"privacy-policy-tutorial\">\u00a0<\/strong>Les articles de ce site peuvent inclure des contenus int\u00e9gr\u00e9s (par exemple des vid\u00e9os, images, articles\u2026). Le contenu int\u00e9gr\u00e9 depuis d\u2019autres sites se comporte de la m\u00eame mani\u00e8re que si le visiteur se rendait sur cet autre site.<\/p>\n\n\n\n<p>Ces sites web pourraient collecter des donn\u00e9es sur vous, utiliser des cookies, embarquer des outils de suivis tiers, suivre vos interactions avec ces contenus embarqu\u00e9s si vous disposez d\u2019un compte connect\u00e9 sur leur site web.<\/p>\n\n\n\n<h2 class=\"wp-block-heading\">Utilisation et transmission de vos donn\u00e9es personnelles<\/h2>\n\n\n\n<p>Si vous demandez une r\u00e9initialisation de vos donn\u00e9es, votre adresse IP sera incluse dans l\u2019e-mail de r\u00e9initialisation.<\/p>\n\n\n\n<h2 class=\"wp-block-heading\">Dur\u00e9es de stockage de vos donn\u00e9es<\/h2>\n\n\n\n<p>Si vous vous inscrivez \u00e0 notre newslettter, nous stockons \u00e9galement les donn\u00e9es personnelles indiqu\u00e9es dans votre profil. Tous les comptes peuvent voir, modifier ou supprimer leurs informations personnelles \u00e0 tout moment (\u00e0 l\u2019exception de leur identifiant). Les gestionnaires du site peuvent aussi voir et modifier ces informations.<\/p>\n\n\n\n<h2 class=\"wp-block-heading\">Les droits que vous avez sur vos donn\u00e9es<\/h2>\n\n\n\n<p>Si vous avez un compte ou si vous avez laiss\u00e9 des commentaires sur le site, vous pouvez demander \u00e0 recevoir un fichier contenant toutes les donn\u00e9es personnelles que nous poss\u00e9dons \u00e0 votre sujet, incluant celles que vous nous avez fournies. Vous pouvez \u00e9galement demander la suppression des donn\u00e9es personnelles vous concernant. Cela ne prend pas en compte les donn\u00e9es stock\u00e9es \u00e0 des fins administratives, l\u00e9gales ou pour des raisons de s\u00e9curit\u00e9.<\/p>\n\n\n\n<h2 class=\"wp-block-heading\">Transmission de vos donn\u00e9es personnelles<\/h2>\n\n\n\n<p>Les commentaires des visiteurs peuvent \u00eatre v\u00e9rifi\u00e9s \u00e0 l\u2019aide d\u2019un service automatis\u00e9 de d\u00e9tection des commentaires ind\u00e9sirables.<\/p>\n\t\t\t\t\t\t\t\t<\/div>\n\t\t\t\t<\/div>\n\t\t\t\t\t<\/div>\n\t\t<\/div>\n\t\t\t\t\t<\/div>\n\t\t<\/section>\n\t\t\t\t<\/div>\n\t\t","protected":false},"excerpt":{"rendered":"<p>Qui sommes-nous\u00a0? L\u2019adresse de notre site est\u00a0: https:\/\/www.06planet.org. Webdesigner : https:\/\/www.victoria-ghirardi-design.com Commentaires Quand vous laissez un commentaire sur notre site, les donn\u00e9es inscrites dans le formulaire de commentaire, mais aussi votre adresse IP et l\u2019agent utilisateur de votre navigateur sont collect\u00e9s pour nous aider \u00e0 la d\u00e9tection des commentaires ind\u00e9sirables. Une cha\u00eene anonymis\u00e9e cr\u00e9\u00e9e \u00e0 &#8230; <a title=\"POLITIQUE DE CONFIDENTIALIT\u00c9\" class=\"read-more\" href=\"https:\/\/www.06planet.org\/fr\/politique-de-confidentialite\/\" aria-label=\"More on POLITIQUE DE CONFIDENTIALIT\u00c9\">Lire plus<\/a><\/p>\n","protected":false},"author":2,"featured_media":0,"parent":0,"menu_order":0,"comment_status":"closed","ping_status":"closed","template":"","meta":{"footnotes":""},"class_list":["post-3","page","type-page","status-publish"],"yoast_head":"<!-- This site is optimized with the Yoast SEO plugin v27.4 - https:\/\/yoast.com\/product\/yoast-seo-wordpress\/ -->\n<title>POLITIQUE DE CONFIDENTIALIT\u00c9 - 0.6 Planet<\/title>\n<meta name=\"robots\" content=\"index, follow, max-snippet:-1, max-image-preview:large, max-video-preview:-1\" \/>\n<link rel=\"canonical\" href=\"https:\/\/www.06planet.org\/fr\/politique-de-confidentialite\/\" \/>\n<meta property=\"og:locale\" content=\"fr_FR\" \/>\n<meta property=\"og:type\" content=\"article\" \/>\n<meta property=\"og:title\" content=\"POLITIQUE DE CONFIDENTIALIT\u00c9 - 0.6 Planet\" \/>\n<meta property=\"og:description\" content=\"Qui sommes-nous\u00a0? L\u2019adresse de notre site est\u00a0: https:\/\/www.06planet.org. Webdesigner : https:\/\/www.victoria-ghirardi-design.com Commentaires Quand vous laissez un commentaire sur notre site, les donn\u00e9es inscrites dans le formulaire de commentaire, mais aussi votre adresse IP et l\u2019agent utilisateur de votre navigateur sont collect\u00e9s pour nous aider \u00e0 la d\u00e9tection des commentaires ind\u00e9sirables. Une cha\u00eene anonymis\u00e9e cr\u00e9\u00e9e \u00e0 ... Lire plus\" \/>\n<meta property=\"og:url\" content=\"https:\/\/www.06planet.org\/fr\/politique-de-confidentialite\/\" \/>\n<meta property=\"og:site_name\" content=\"0.6 Planet\" \/>\n<meta property=\"article:publisher\" content=\"https:\/\/www.facebook.com\/0.6Planet\/\" \/>\n<meta property=\"article:modified_time\" content=\"2021-06-07T19:38:37+00:00\" \/>\n<meta property=\"og:image\" content=\"https:\/\/mlw3muorq6zz.i.optimole.com\/w:auto\/h:auto\/q:mauto\/f:best\/https:\/\/www.06planet.org\/wp-content\/uploads\/2021\/05\/logo-planet-retina.png\" \/>\n\t<meta property=\"og:image:width\" content=\"1400\" \/>\n\t<meta property=\"og:image:height\" content=\"1400\" \/>\n\t<meta property=\"og:image:type\" content=\"image\/png\" \/>\n<meta name=\"twitter:card\" content=\"summary_large_image\" \/>\n<meta name=\"twitter:label1\" content=\"Dur\u00e9e de lecture estim\u00e9e\" \/>\n\t<meta name=\"twitter:data1\" content=\"2 minutes\" \/>\n<script type=\"application\/ld+json\" class=\"yoast-schema-graph\">{\"@context\":\"https:\\\/\\\/schema.org\",\"@graph\":[{\"@type\":\"WebPage\",\"@id\":\"https:\\\/\\\/www.06planet.org\\\/en\\\/politique-de-confidentialite\\\/\",\"url\":\"https:\\\/\\\/www.06planet.org\\\/en\\\/politique-de-confidentialite\\\/\",\"name\":\"POLITIQUE DE CONFIDENTIALIT\u00c9 - 0.6 Planet\",\"isPartOf\":{\"@id\":\"https:\\\/\\\/www.06planet.org\\\/fr\\\/#website\"},\"datePublished\":\"2021-04-30T07:55:42+00:00\",\"dateModified\":\"2021-06-07T19:38:37+00:00\",\"breadcrumb\":{\"@id\":\"https:\\\/\\\/www.06planet.org\\\/en\\\/politique-de-confidentialite\\\/#breadcrumb\"},\"inLanguage\":\"fr-FR\",\"potentialAction\":[{\"@type\":\"ReadAction\",\"target\":[\"https:\\\/\\\/www.06planet.org\\\/en\\\/politique-de-confidentialite\\\/\"]}]},{\"@type\":\"BreadcrumbList\",\"@id\":\"https:\\\/\\\/www.06planet.org\\\/en\\\/politique-de-confidentialite\\\/#breadcrumb\",\"itemListElement\":[{\"@type\":\"ListItem\",\"position\":1,\"name\":\"Accueil\",\"item\":\"https:\\\/\\\/www.06planet.org\\\/\"},{\"@type\":\"ListItem\",\"position\":2,\"name\":\"POLITIQUE DE CONFIDENTIALIT\u00c9\"}]},{\"@type\":\"WebSite\",\"@id\":\"https:\\\/\\\/www.06planet.org\\\/fr\\\/#website\",\"url\":\"https:\\\/\\\/www.06planet.org\\\/fr\\\/\",\"name\":\"0.6 Planet\",\"description\":\"l&#039;empreinte d&#039;un monde meilleur\",\"publisher\":{\"@id\":\"https:\\\/\\\/www.06planet.org\\\/fr\\\/#organization\"},\"potentialAction\":[{\"@type\":\"SearchAction\",\"target\":{\"@type\":\"EntryPoint\",\"urlTemplate\":\"https:\\\/\\\/www.06planet.org\\\/fr\\\/?s={search_term_string}\"},\"query-input\":{\"@type\":\"PropertyValueSpecification\",\"valueRequired\":true,\"valueName\":\"search_term_string\"}}],\"inLanguage\":\"fr-FR\"},{\"@type\":\"Organization\",\"@id\":\"https:\\\/\\\/www.06planet.org\\\/fr\\\/#organization\",\"name\":\"0.6 Planet\",\"url\":\"https:\\\/\\\/www.06planet.org\\\/fr\\\/\",\"logo\":{\"@type\":\"ImageObject\",\"inLanguage\":\"fr-FR\",\"@id\":\"https:\\\/\\\/www.06planet.org\\\/fr\\\/#\\\/schema\\\/logo\\\/image\\\/\",\"url\":\"https:\\/\\/www.06planet.org\\/wp-content\\/uploads\\/2021\\/05\\/logo-planet-retina.png\",\"contentUrl\":\"https:\\/\\/www.06planet.org\\/wp-content\\/uploads\\/2021\\/05\\/logo-planet-retina.png\",\"width\":1400,\"height\":1400,\"caption\":\"0.6 Planet\"},\"image\":{\"@id\":\"https:\\\/\\\/www.06planet.org\\\/fr\\\/#\\\/schema\\\/logo\\\/image\\\/\"},\"sameAs\":[\"https:\\\/\\\/www.facebook.com\\\/0.6Planet\\\/\",\"https:\\\/\\\/www.youtube.com\\\/channel\\\/UCkLfI8BT3ZjRhV7hJu04XGA\"]}]}<\/script>\n<!-- \/ Yoast SEO plugin. -->","yoast_head_json":{"title":"POLITIQUE DE CONFIDENTIALIT\u00c9 - 0.6 Planet","robots":{"index":"index","follow":"follow","max-snippet":"max-snippet:-1","max-image-preview":"max-image-preview:large","max-video-preview":"max-video-preview:-1"},"canonical":"https:\/\/www.06planet.org\/fr\/politique-de-confidentialite\/","og_locale":"fr_FR","og_type":"article","og_title":"POLITIQUE DE CONFIDENTIALIT\u00c9 - 0.6 Planet","og_description":"Qui sommes-nous\u00a0? L\u2019adresse de notre site est\u00a0: https:\/\/www.06planet.org. Webdesigner : https:\/\/www.victoria-ghirardi-design.com Commentaires Quand vous laissez un commentaire sur notre site, les donn\u00e9es inscrites dans le formulaire de commentaire, mais aussi votre adresse IP et l\u2019agent utilisateur de votre navigateur sont collect\u00e9s pour nous aider \u00e0 la d\u00e9tection des commentaires ind\u00e9sirables. Une cha\u00eene anonymis\u00e9e cr\u00e9\u00e9e \u00e0 ... Lire plus","og_url":"https:\/\/www.06planet.org\/fr\/politique-de-confidentialite\/","og_site_name":"0.6 Planet","article_publisher":"https:\/\/www.facebook.com\/0.6Planet\/","article_modified_time":"2021-06-07T19:38:37+00:00","og_image":[{"width":1400,"height":1400,"url":"https:\/\/mlw3muorq6zz.i.optimole.com\/w:auto\/h:auto\/q:mauto\/f:best\/https:\/\/www.06planet.org\/wp-content\/uploads\/2021\/05\/logo-planet-retina.png","type":"image\/png"}],"twitter_card":"summary_large_image","twitter_misc":{"Dur\u00e9e de lecture estim\u00e9e":"2 minutes"},"schema":{"@context":"https:\/\/schema.org","@graph":[{"@type":"WebPage","@id":"https:\/\/www.06planet.org\/en\/politique-de-confidentialite\/","url":"https:\/\/www.06planet.org\/en\/politique-de-confidentialite\/","name":"POLITIQUE DE CONFIDENTIALIT\u00c9 - 0.6 Planet","isPartOf":{"@id":"https:\/\/www.06planet.org\/fr\/#website"},"datePublished":"2021-04-30T07:55:42+00:00","dateModified":"2021-06-07T19:38:37+00:00","breadcrumb":{"@id":"https:\/\/www.06planet.org\/en\/politique-de-confidentialite\/#breadcrumb"},"inLanguage":"fr-FR","potentialAction":[{"@type":"ReadAction","target":["https:\/\/www.06planet.org\/en\/politique-de-confidentialite\/"]}]},{"@type":"BreadcrumbList","@id":"https:\/\/www.06planet.org\/en\/politique-de-confidentialite\/#breadcrumb","itemListElement":[{"@type":"ListItem","position":1,"name":"Accueil","item":"https:\/\/www.06planet.org\/"},{"@type":"ListItem","position":2,"name":"POLITIQUE DE CONFIDENTIALIT\u00c9"}]},{"@type":"WebSite","@id":"https:\/\/www.06planet.org\/fr\/#website","url":"https:\/\/www.06planet.org\/fr\/","name":"0.6 Planet","description":"l&#039;empreinte d&#039;un monde meilleur","publisher":{"@id":"https:\/\/www.06planet.org\/fr\/#organization"},"potentialAction":[{"@type":"SearchAction","target":{"@type":"EntryPoint","urlTemplate":"https:\/\/www.06planet.org\/fr\/?s={search_term_string}"},"query-input":{"@type":"PropertyValueSpecification","valueRequired":true,"valueName":"search_term_string"}}],"inLanguage":"fr-FR"},{"@type":"Organization","@id":"https:\/\/www.06planet.org\/fr\/#organization","name":"0.6 Planet","url":"https:\/\/www.06planet.org\/fr\/","logo":{"@type":"ImageObject","inLanguage":"fr-FR","@id":"https:\/\/www.06planet.org\/fr\/#\/schema\/logo\/image\/","url":"https:\/\/mlw3muorq6zz.i.optimole.com\/w:auto\/h:auto\/q:mauto\/f:best\/https:\/\/www.06planet.org\/wp-content\/uploads\/2021\/05\/logo-planet-retina.png","contentUrl":"https:\/\/mlw3muorq6zz.i.optimole.com\/w:auto\/h:auto\/q:mauto\/f:best\/https:\/\/www.06planet.org\/wp-content\/uploads\/2021\/05\/logo-planet-retina.png","width":1400,"height":1400,"caption":"0.6 Planet"},"image":{"@id":"https:\/\/www.06planet.org\/fr\/#\/schema\/logo\/image\/"},"sameAs":["https:\/\/www.facebook.com\/0.6Planet\/","https:\/\/www.youtube.com\/channel\/UCkLfI8BT3ZjRhV7hJu04XGA"]}]}},"_links":{"self":[{"href":"https:\/\/www.06planet.org\/fr\/wp-json\/wp\/v2\/pages\/3","targetHints":{"allow":["GET"]}}],"collection":[{"href":"https:\/\/www.06planet.org\/fr\/wp-json\/wp\/v2\/pages"}],"about":[{"href":"https:\/\/www.06planet.org\/fr\/wp-json\/wp\/v2\/types\/page"}],"author":[{"embeddable":true,"href":"https:\/\/www.06planet.org\/fr\/wp-json\/wp\/v2\/users\/2"}],"replies":[{"embeddable":true,"href":"https:\/\/www.06planet.org\/fr\/wp-json\/wp\/v2\/comments?post=3"}],"version-history":[{"count":9,"href":"https:\/\/www.06planet.org\/fr\/wp-json\/wp\/v2\/pages\/3\/revisions"}],"predecessor-version":[{"id":2158,"href":"https:\/\/www.06planet.org\/fr\/wp-json\/wp\/v2\/pages\/3\/revisions\/2158"}],"wp:attachment":[{"href":"https:\/\/www.06planet.org\/fr\/wp-json\/wp\/v2\/media?parent=3"}],"curies":[{"name":"wp","href":"https:\/\/api.w.org\/{rel}","templated":true}]}}