{"id":3242,"date":"2024-10-21T10:09:34","date_gmt":"2024-10-21T08:09:34","guid":{"rendered":"https:\/\/www.06planet.org\/?page_id=3242"},"modified":"2024-10-21T12:26:25","modified_gmt":"2024-10-21T10:26:25","slug":"confirmation-inscription-formation-devenir-initiateur-decovillage","status":"publish","type":"page","link":"https:\/\/www.06planet.org\/en\/confirmation-inscription-formation-devenir-initiateur-decovillage\/","title":{"rendered":"Confirmation inscription formation \u00ab\u00a0Devenir initiateur d&rsquo;\u00e9covillage\u00a0\u00bb"},"content":{"rendered":"<div data-elementor-type=\"wp-page\" data-elementor-id=\"3242\" class=\"elementor elementor-3242\" data-elementor-post-type=\"page\">\n\t\t\t\t\t\t<section class=\"elementor-section elementor-top-section elementor-element elementor-element-e943d4c elementor-section-boxed elementor-section-height-default elementor-section-height-default\" data-id=\"e943d4c\" data-element_type=\"section\">\n\t\t\t\t\t\t<div class=\"elementor-container elementor-column-gap-default\">\n\t\t\t\t\t<div class=\"elementor-column elementor-col-100 elementor-top-column elementor-element elementor-element-ecc131f\" data-id=\"ecc131f\" data-element_type=\"column\">\n\t\t\t<div class=\"elementor-widget-wrap elementor-element-populated\">\n\t\t\t\t\t\t<div class=\"elementor-element elementor-element-3c0b1f4 elementor-widget elementor-widget-heading\" data-id=\"3c0b1f4\" data-element_type=\"widget\" data-widget_type=\"heading.default\">\n\t\t\t\t<div class=\"elementor-widget-container\">\n\t\t\t\t\t<h2 class=\"elementor-heading-title elementor-size-default\">Merci pour ton inscription \u00e0 la formation<br>\"Devenir initiateur d'\u00e9covillage\" ! <\/h2>\t\t\t\t<\/div>\n\t\t\t\t<\/div>\n\t\t\t\t<div class=\"elementor-element elementor-element-df6166b elementor-widget elementor-widget-text-editor\" data-id=\"df6166b\" data-element_type=\"widget\" data-widget_type=\"text-editor.default\">\n\t\t\t\t<div class=\"elementor-widget-container\">\n\t\t\t\t\t\t\t\t\t<p>C&rsquo;est parti pour plusieurs mois ensemble ! Rendez-vous d\u00e8s samedi 26 octobre sur le Zoom de Formation:\u00a0<\/p><p><span style=\"color: var( --e-global-color-text ); font-family: var( --e-global-typography-text-font-family ), Sans-serif; font-weight: var( --e-global-typography-text-font-weight );\">\u27a1\ufe0f<\/span><span style=\"color: var( --e-global-color-text ); font-family: var( --e-global-typography-text-font-family ), Sans-serif; font-weight: var( --e-global-typography-text-font-weight );\">\u00a0<\/span><a href=\"https:\/\/us02web.zoom.us\/j\/2755699629?pwd=NzdwTERFSEdETi9FM0lHU25Gemp1dz09\">Lien du zoom de formation<\/a><br \/>Code secret: 123\u00a0<\/p>\t\t\t\t\t\t\t\t<\/div>\n\t\t\t\t<\/div>\n\t\t\t\t<div class=\"elementor-element elementor-element-3c59142 elementor-widget elementor-widget-heading\" data-id=\"3c59142\" data-element_type=\"widget\" data-widget_type=\"heading.default\">\n\t\t\t\t<div class=\"elementor-widget-container\">\n\t\t\t\t\t<h2 class=\"elementor-heading-title elementor-size-default\">Le d\u00e9roul\u00e9 de la formation<\/h2>\t\t\t\t<\/div>\n\t\t\t\t<\/div>\n\t\t\t\t<div class=\"elementor-element elementor-element-53a66a5 elementor-widget elementor-widget-text-editor\" data-id=\"53a66a5\" data-element_type=\"widget\" data-widget_type=\"text-editor.default\">\n\t\t\t\t<div class=\"elementor-widget-container\">\n\t\t\t\t\t\t\t\t\t<p>Commencer cette formation c&rsquo;est partir pour une aventure de plusieurs mois, qui va suivre le chemin suivant :\u00a0<\/p><p>\u27a1\ufe0f Formation en visio : les samedis apr\u00e8s midi (14h30 \/ 17h30) toutes les deux semaines \u00e0 partir du samedi 26 octobre (donc 26\/10, 9\/11, 23\/11&#8230;)<\/p><p><span style=\"color: var( --e-global-color-text ); font-family: var( --e-global-typography-text-font-family ), Sans-serif; font-weight: var( --e-global-typography-text-font-weight );\">\u27a1\ufe0f<\/span><span style=\"color: var( --e-global-color-text ); font-family: var( --e-global-typography-text-font-family ), Sans-serif; font-weight: var( --e-global-typography-text-font-weight );\">\u00a0<\/span><a href=\"https:\/\/us02web.zoom.us\/j\/2755699629?pwd=NzdwTERFSEdETi9FM0lHU25Gemp1dz09\">Lien du zoom de formation<\/a><br \/>Code secret: 123\u00a0<\/p><p>\u27a1\ufe0f Immersion dans un \u00e9covillage existant (dates \u00e0 convenir en fonction de chacun)<\/p><p>\u27a1\ufe0f Des masterclass avec des intervenant ext\u00e9rieurs \u00e0 0.6Planet sont aussi pr\u00e9vus<\/p><p>\u00a0<\/p><p>Entre les formations, vous aurez des documents \u00e0 produire ou des recherches \u00e0 faire. L&rsquo;id\u00e9e est qu&rsquo;\u00e0 la fin de cette formation, vous ayez pr\u00e9par\u00e9 enti\u00e8rement votre kit de cr\u00e9ation de site.<\/p>\t\t\t\t\t\t\t\t<\/div>\n\t\t\t\t<\/div>\n\t\t\t\t<div class=\"elementor-element elementor-element-c42cb35 elementor-widget elementor-widget-heading\" data-id=\"c42cb35\" data-element_type=\"widget\" data-widget_type=\"heading.default\">\n\t\t\t\t<div class=\"elementor-widget-container\">\n\t\t\t\t\t<h2 class=\"elementor-heading-title elementor-size-default\">Et maintenant ?<\/h2>\t\t\t\t<\/div>\n\t\t\t\t<\/div>\n\t\t\t\t<div class=\"elementor-element elementor-element-02915d1 elementor-widget elementor-widget-text-editor\" data-id=\"02915d1\" data-element_type=\"widget\" data-widget_type=\"text-editor.default\">\n\t\t\t\t<div class=\"elementor-widget-container\">\n\t\t\t\t\t\t\t\t\t<p>Si tu as des questions, \u00e9cris-nous \u00e0\u00a0jb.penent@06planet.org\u00a0<\/p><p><a href=\"https:\/\/chat.whatsapp.com\/LNNGwRflZNQDQGTZXgSFok\">Rejoins la communaut\u00e9 What&rsquo;sApp des futurs Initiateurs de projets<\/a><\/p>\t\t\t\t\t\t\t\t<\/div>\n\t\t\t\t<\/div>\n\t\t\t\t\t<\/div>\n\t\t<\/div>\n\t\t\t\t\t<\/div>\n\t\t<\/section>\n\t\t\t\t<\/div>","protected":false},"excerpt":{"rendered":"<p>Merci pour ton inscription \u00e0 la formation\u00ab\u00a0Devenir initiateur d&rsquo;\u00e9covillage\u00a0\u00bb ! C&rsquo;est parti pour plusieurs mois ensemble ! Rendez-vous d\u00e8s samedi 26 octobre sur le Zoom de Formation:\u00a0 \u27a1\ufe0f\u00a0Lien du zoom de formationCode secret: 123\u00a0 Le d\u00e9roul\u00e9 de la formation Commencer cette formation c&rsquo;est partir pour une aventure de plusieurs mois, qui va suivre le chemin &#8230; <a title=\"Confirmation inscription formation \u00ab\u00a0Devenir initiateur d&rsquo;\u00e9covillage\u00a0\u00bb\" class=\"read-more\" href=\"https:\/\/www.06planet.org\/en\/confirmation-inscription-formation-devenir-initiateur-decovillage\/\" aria-label=\"More on Confirmation inscription formation \u00ab\u00a0Devenir initiateur d&rsquo;\u00e9covillage\u00a0\u00bb\">Read more<\/a><\/p>","protected":false},"author":4,"featured_media":0,"parent":0,"menu_order":0,"comment_status":"closed","ping_status":"closed","template":"","meta":{"footnotes":""},"class_list":["post-3242","page","type-page","status-publish"],"yoast_head":"<!-- This site is optimized with the Yoast SEO plugin v27.4 - https:\/\/yoast.com\/product\/yoast-seo-wordpress\/ -->\n<title>Confirmation inscription formation &quot;Devenir initiateur d&#039;\u00e9covillage&quot; - 0.6 Planet<\/title>\n<meta name=\"robots\" content=\"index, follow, max-snippet:-1, max-image-preview:large, max-video-preview:-1\" \/>\n<link rel=\"canonical\" href=\"https:\/\/www.06planet.org\/en\/confirmation-inscription-formation-devenir-initiateur-decovillage\/\" \/>\n<meta property=\"og:locale\" content=\"en_GB\" \/>\n<meta property=\"og:type\" content=\"article\" \/>\n<meta property=\"og:title\" content=\"Confirmation inscription formation &quot;Devenir initiateur d&#039;\u00e9covillage&quot; - 0.6 Planet\" \/>\n<meta property=\"og:description\" content=\"Merci pour ton inscription \u00e0 la formation\u00ab\u00a0Devenir initiateur d&rsquo;\u00e9covillage\u00a0\u00bb ! C&rsquo;est parti pour plusieurs mois ensemble ! Rendez-vous d\u00e8s samedi 26 octobre sur le Zoom de Formation:\u00a0 \u27a1\ufe0f\u00a0Lien du zoom de formationCode secret: 123\u00a0 Le d\u00e9roul\u00e9 de la formation Commencer cette formation c&rsquo;est partir pour une aventure de plusieurs mois, qui va suivre le chemin ... Read more\" \/>\n<meta property=\"og:url\" content=\"https:\/\/www.06planet.org\/en\/confirmation-inscription-formation-devenir-initiateur-decovillage\/\" \/>\n<meta property=\"og:site_name\" content=\"0.6 Planet\" \/>\n<meta property=\"article:publisher\" content=\"https:\/\/www.facebook.com\/0.6Planet\/\" \/>\n<meta property=\"article:modified_time\" content=\"2024-10-21T10:26:25+00:00\" \/>\n<meta property=\"og:image\" content=\"https:\/\/mlw3muorq6zz.i.optimole.com\/w:auto\/h:auto\/q:mauto\/f:best\/https:\/\/www.06planet.org\/wp-content\/uploads\/2021\/05\/logo-planet-retina.png\" \/>\n\t<meta property=\"og:image:width\" content=\"1400\" \/>\n\t<meta property=\"og:image:height\" content=\"1400\" \/>\n\t<meta property=\"og:image:type\" content=\"image\/png\" \/>\n<meta name=\"twitter:card\" content=\"summary_large_image\" \/>\n<meta name=\"twitter:label1\" content=\"Estimated reading time\" \/>\n\t<meta name=\"twitter:data1\" content=\"1 minute\" \/>\n<script type=\"application\/ld+json\" class=\"yoast-schema-graph\">{\"@context\":\"https:\\\/\\\/schema.org\",\"@graph\":[{\"@type\":\"WebPage\",\"@id\":\"https:\\\/\\\/www.06planet.org\\\/confirmation-inscription-formation-devenir-initiateur-decovillage\\\/\",\"url\":\"https:\\\/\\\/www.06planet.org\\\/confirmation-inscription-formation-devenir-initiateur-decovillage\\\/\",\"name\":\"Confirmation inscription formation \\\"Devenir initiateur d'\u00e9covillage\\\" - 0.6 Planet\",\"isPartOf\":{\"@id\":\"https:\\\/\\\/www.06planet.org\\\/fr\\\/#website\"},\"datePublished\":\"2024-10-21T08:09:34+00:00\",\"dateModified\":\"2024-10-21T10:26:25+00:00\",\"breadcrumb\":{\"@id\":\"https:\\\/\\\/www.06planet.org\\\/confirmation-inscription-formation-devenir-initiateur-decovillage\\\/#breadcrumb\"},\"inLanguage\":\"en-GB\",\"potentialAction\":[{\"@type\":\"ReadAction\",\"target\":[\"https:\\\/\\\/www.06planet.org\\\/confirmation-inscription-formation-devenir-initiateur-decovillage\\\/\"]}]},{\"@type\":\"BreadcrumbList\",\"@id\":\"https:\\\/\\\/www.06planet.org\\\/confirmation-inscription-formation-devenir-initiateur-decovillage\\\/#breadcrumb\",\"itemListElement\":[{\"@type\":\"ListItem\",\"position\":1,\"name\":\"Accueil\",\"item\":\"https:\\\/\\\/www.06planet.org\\\/\"},{\"@type\":\"ListItem\",\"position\":2,\"name\":\"Confirmation inscription formation \u00ab\u00a0Devenir initiateur d&rsquo;\u00e9covillage\u00a0\u00bb\"}]},{\"@type\":\"WebSite\",\"@id\":\"https:\\\/\\\/www.06planet.org\\\/fr\\\/#website\",\"url\":\"https:\\\/\\\/www.06planet.org\\\/fr\\\/\",\"name\":\"0.6 Planet\",\"description\":\"l&#039;empreinte d&#039;un monde meilleur\",\"publisher\":{\"@id\":\"https:\\\/\\\/www.06planet.org\\\/fr\\\/#organization\"},\"potentialAction\":[{\"@type\":\"SearchAction\",\"target\":{\"@type\":\"EntryPoint\",\"urlTemplate\":\"https:\\\/\\\/www.06planet.org\\\/fr\\\/?s={search_term_string}\"},\"query-input\":{\"@type\":\"PropertyValueSpecification\",\"valueRequired\":true,\"valueName\":\"search_term_string\"}}],\"inLanguage\":\"en-GB\"},{\"@type\":\"Organization\",\"@id\":\"https:\\\/\\\/www.06planet.org\\\/fr\\\/#organization\",\"name\":\"0.6 Planet\",\"url\":\"https:\\\/\\\/www.06planet.org\\\/fr\\\/\",\"logo\":{\"@type\":\"ImageObject\",\"inLanguage\":\"en-GB\",\"@id\":\"https:\\\/\\\/www.06planet.org\\\/fr\\\/#\\\/schema\\\/logo\\\/image\\\/\",\"url\":\"https:\\/\\/www.06planet.org\\/wp-content\\/uploads\\/2021\\/05\\/logo-planet-retina.png\",\"contentUrl\":\"https:\\/\\/www.06planet.org\\/wp-content\\/uploads\\/2021\\/05\\/logo-planet-retina.png\",\"width\":1400,\"height\":1400,\"caption\":\"0.6 Planet\"},\"image\":{\"@id\":\"https:\\\/\\\/www.06planet.org\\\/fr\\\/#\\\/schema\\\/logo\\\/image\\\/\"},\"sameAs\":[\"https:\\\/\\\/www.facebook.com\\\/0.6Planet\\\/\",\"https:\\\/\\\/www.youtube.com\\\/channel\\\/UCkLfI8BT3ZjRhV7hJu04XGA\"]}]}<\/script>\n<!-- \/ Yoast SEO plugin. -->","yoast_head_json":{"title":"Confirmation inscription formation \"Devenir initiateur d'\u00e9covillage\" - 0.6 Planet","robots":{"index":"index","follow":"follow","max-snippet":"max-snippet:-1","max-image-preview":"max-image-preview:large","max-video-preview":"max-video-preview:-1"},"canonical":"https:\/\/www.06planet.org\/en\/confirmation-inscription-formation-devenir-initiateur-decovillage\/","og_locale":"en_GB","og_type":"article","og_title":"Confirmation inscription formation \"Devenir initiateur d'\u00e9covillage\" - 0.6 Planet","og_description":"Merci pour ton inscription \u00e0 la formation\u00ab\u00a0Devenir initiateur d&rsquo;\u00e9covillage\u00a0\u00bb ! C&rsquo;est parti pour plusieurs mois ensemble ! Rendez-vous d\u00e8s samedi 26 octobre sur le Zoom de Formation:\u00a0 \u27a1\ufe0f\u00a0Lien du zoom de formationCode secret: 123\u00a0 Le d\u00e9roul\u00e9 de la formation Commencer cette formation c&rsquo;est partir pour une aventure de plusieurs mois, qui va suivre le chemin ... Read more","og_url":"https:\/\/www.06planet.org\/en\/confirmation-inscription-formation-devenir-initiateur-decovillage\/","og_site_name":"0.6 Planet","article_publisher":"https:\/\/www.facebook.com\/0.6Planet\/","article_modified_time":"2024-10-21T10:26:25+00:00","og_image":[{"width":1400,"height":1400,"url":"https:\/\/mlw3muorq6zz.i.optimole.com\/w:auto\/h:auto\/q:mauto\/f:best\/https:\/\/www.06planet.org\/wp-content\/uploads\/2021\/05\/logo-planet-retina.png","type":"image\/png"}],"twitter_card":"summary_large_image","twitter_misc":{"Estimated reading time":"1 minute"},"schema":{"@context":"https:\/\/schema.org","@graph":[{"@type":"WebPage","@id":"https:\/\/www.06planet.org\/confirmation-inscription-formation-devenir-initiateur-decovillage\/","url":"https:\/\/www.06planet.org\/confirmation-inscription-formation-devenir-initiateur-decovillage\/","name":"Confirmation inscription formation \"Devenir initiateur d'\u00e9covillage\" - 0.6 Planet","isPartOf":{"@id":"https:\/\/www.06planet.org\/fr\/#website"},"datePublished":"2024-10-21T08:09:34+00:00","dateModified":"2024-10-21T10:26:25+00:00","breadcrumb":{"@id":"https:\/\/www.06planet.org\/confirmation-inscription-formation-devenir-initiateur-decovillage\/#breadcrumb"},"inLanguage":"en-GB","potentialAction":[{"@type":"ReadAction","target":["https:\/\/www.06planet.org\/confirmation-inscription-formation-devenir-initiateur-decovillage\/"]}]},{"@type":"BreadcrumbList","@id":"https:\/\/www.06planet.org\/confirmation-inscription-formation-devenir-initiateur-decovillage\/#breadcrumb","itemListElement":[{"@type":"ListItem","position":1,"name":"Accueil","item":"https:\/\/www.06planet.org\/"},{"@type":"ListItem","position":2,"name":"Confirmation inscription formation \u00ab\u00a0Devenir initiateur d&rsquo;\u00e9covillage\u00a0\u00bb"}]},{"@type":"WebSite","@id":"https:\/\/www.06planet.org\/fr\/#website","url":"https:\/\/www.06planet.org\/fr\/","name":"0.6 Planet","description":"l&#039;empreinte d&#039;un monde meilleur","publisher":{"@id":"https:\/\/www.06planet.org\/fr\/#organization"},"potentialAction":[{"@type":"SearchAction","target":{"@type":"EntryPoint","urlTemplate":"https:\/\/www.06planet.org\/fr\/?s={search_term_string}"},"query-input":{"@type":"PropertyValueSpecification","valueRequired":true,"valueName":"search_term_string"}}],"inLanguage":"en-GB"},{"@type":"Organization","@id":"https:\/\/www.06planet.org\/fr\/#organization","name":"0.6 Planet","url":"https:\/\/www.06planet.org\/fr\/","logo":{"@type":"ImageObject","inLanguage":"en-GB","@id":"https:\/\/www.06planet.org\/fr\/#\/schema\/logo\/image\/","url":"https:\/\/mlw3muorq6zz.i.optimole.com\/w:auto\/h:auto\/q:mauto\/f:best\/https:\/\/www.06planet.org\/wp-content\/uploads\/2021\/05\/logo-planet-retina.png","contentUrl":"https:\/\/mlw3muorq6zz.i.optimole.com\/w:auto\/h:auto\/q:mauto\/f:best\/https:\/\/www.06planet.org\/wp-content\/uploads\/2021\/05\/logo-planet-retina.png","width":1400,"height":1400,"caption":"0.6 Planet"},"image":{"@id":"https:\/\/www.06planet.org\/fr\/#\/schema\/logo\/image\/"},"sameAs":["https:\/\/www.facebook.com\/0.6Planet\/","https:\/\/www.youtube.com\/channel\/UCkLfI8BT3ZjRhV7hJu04XGA"]}]}},"_links":{"self":[{"href":"https:\/\/www.06planet.org\/en\/wp-json\/wp\/v2\/pages\/3242","targetHints":{"allow":["GET"]}}],"collection":[{"href":"https:\/\/www.06planet.org\/en\/wp-json\/wp\/v2\/pages"}],"about":[{"href":"https:\/\/www.06planet.org\/en\/wp-json\/wp\/v2\/types\/page"}],"author":[{"embeddable":true,"href":"https:\/\/www.06planet.org\/en\/wp-json\/wp\/v2\/users\/4"}],"replies":[{"embeddable":true,"href":"https:\/\/www.06planet.org\/en\/wp-json\/wp\/v2\/comments?post=3242"}],"version-history":[{"count":7,"href":"https:\/\/www.06planet.org\/en\/wp-json\/wp\/v2\/pages\/3242\/revisions"}],"predecessor-version":[{"id":3337,"href":"https:\/\/www.06planet.org\/en\/wp-json\/wp\/v2\/pages\/3242\/revisions\/3337"}],"wp:attachment":[{"href":"https:\/\/www.06planet.org\/en\/wp-json\/wp\/v2\/media?parent=3242"}],"curies":[{"name":"wp","href":"https:\/\/api.w.org\/{rel}","templated":true}]}}