{"id":2770,"date":"2022-10-11T18:07:31","date_gmt":"2022-10-11T16:07:31","guid":{"rendered":"https:\/\/www.06planet.org\/?page_id=2770"},"modified":"2023-10-09T10:06:05","modified_gmt":"2023-10-09T08:06:05","slug":"nous-soutenir","status":"publish","type":"page","link":"https:\/\/www.06planet.org\/en\/nous-soutenir\/","title":{"rendered":"NOUS SOUTENIR"},"content":{"rendered":"<div data-elementor-type=\"wp-page\" data-elementor-id=\"2770\" class=\"elementor elementor-2770\" data-elementor-post-type=\"page\">\n\t\t\t\t\t\t<section class=\"elementor-section elementor-top-section elementor-element elementor-element-8076e2d elementor-section-boxed elementor-section-height-default elementor-section-height-default elementor-invisible\" data-id=\"8076e2d\" data-element_type=\"section\" data-settings=\"{&quot;background_background&quot;:&quot;classic&quot;,&quot;animation&quot;:&quot;fadeInDown&quot;}\">\n\t\t\t\t\t\t<div class=\"elementor-container elementor-column-gap-default\">\n\t\t\t\t\t<div class=\"elementor-column elementor-col-100 elementor-top-column elementor-element elementor-element-1aea022\" data-id=\"1aea022\" data-element_type=\"column\">\n\t\t\t<div class=\"elementor-widget-wrap elementor-element-populated\">\n\t\t\t\t\t\t<div class=\"elementor-element elementor-element-bf82887 elementor-widget elementor-widget-heading\" data-id=\"bf82887\" data-element_type=\"widget\" data-widget_type=\"heading.default\">\n\t\t\t\t<div class=\"elementor-widget-container\">\n\t\t\t\t\t<h1 class=\"elementor-heading-title elementor-size-default\">Soutenir 0.6Planet<\/h1>\t\t\t\t<\/div>\n\t\t\t\t<\/div>\n\t\t\t\t<div class=\"elementor-element elementor-element-d1f84cb elementor-widget elementor-widget-text-editor\" data-id=\"d1f84cb\" data-element_type=\"widget\" data-widget_type=\"text-editor.default\">\n\t\t\t\t<div class=\"elementor-widget-container\">\n\t\t\t\t\t\t\t\t\t<h4><strong>Il y a deux fa\u00e7on de soutenir financi\u00e8rement 0.6Planet:<\/strong>\n<br>\u2022 soit en faisant un <strong>don <\/strong>(le formulaire est juste en dessous)\n<br>\u2022 soit en\u00a0<strong>investissant <\/strong>une partie de son \u00e9pargne, contre r\u00e9mun\u00e9ration <strong>(<span style=\"text-decoration: underline;\"><a href=\"https:\/\/drive.google.com\/file\/d\/10TL2rQNJEdB5sCJ9xliMB2jtaEAaOYxF\/view?usp=drive_link\">en savoir plus<\/a><\/span>)<\/strong><\/h4>\t\t\t\t\t\t\t\t<\/div>\n\t\t\t\t<\/div>\n\t\t\t\t<div class=\"elementor-element elementor-element-fa3a5bb elementor-widget elementor-widget-html\" data-id=\"fa3a5bb\" data-element_type=\"widget\" data-widget_type=\"html.default\">\n\t\t\t\t<div class=\"elementor-widget-container\">\n\t\t\t\t\t<iframe id=\"haWidget\" allowtransparency=\"true\" scrolling=\"auto\" src=\"https:\/\/www.helloasso.com\/associations\/0-6-planet\/adhesions\/adhesion-association-0-6planet\/widget\" style=\"width: 100%; height: 750px; border: none;\"><\/iframe>\t\t\t\t<\/div>\n\t\t\t\t<\/div>\n\t\t\t\t<section class=\"elementor-section elementor-inner-section elementor-element elementor-element-4ad4f00 elementor-section-boxed elementor-section-height-default elementor-section-height-default\" data-id=\"4ad4f00\" data-element_type=\"section\">\n\t\t\t\t\t\t<div class=\"elementor-container elementor-column-gap-default\">\n\t\t\t\t\t<div class=\"elementor-column elementor-col-100 elementor-inner-column elementor-element elementor-element-eb65e6e\" data-id=\"eb65e6e\" data-element_type=\"column\">\n\t\t\t<div class=\"elementor-widget-wrap elementor-element-populated\">\n\t\t\t\t\t\t<div class=\"elementor-element elementor-element-602700b elementor-widget elementor-widget-text-editor\" data-id=\"602700b\" data-element_type=\"widget\" data-widget_type=\"text-editor.default\">\n\t\t\t\t<div class=\"elementor-widget-container\">\n\t\t\t\t\t\t\t\t\t<h4><strong>Au nom de 0.6Planet, des \u00e9covillages existants ou \u00e0 venir et surtout au nom des futures g\u00e9n\u00e9rations, nous vous remercions !<\/strong><\/h4>\t\t\t\t\t\t\t\t<\/div>\n\t\t\t\t<\/div>\n\t\t\t\t\t<\/div>\n\t\t<\/div>\n\t\t\t\t\t<\/div>\n\t\t<\/section>\n\t\t\t\t\t<\/div>\n\t\t<\/div>\n\t\t\t\t\t<\/div>\n\t\t<\/section>\n\t\t\t\t<\/div>","protected":false},"excerpt":{"rendered":"<p>Soutenir 0.6Planet Il y a deux fa\u00e7on de soutenir financi\u00e8rement 0.6Planet: \u2022 soit en faisant un don (le formulaire est juste en dessous) \u2022 soit en\u00a0investissant une partie de son \u00e9pargne, contre r\u00e9mun\u00e9ration (en savoir plus) Au nom de 0.6Planet, des \u00e9covillages existants ou \u00e0 venir et surtout au nom des futures g\u00e9n\u00e9rations, nous vous &#8230; <a title=\"NOUS SOUTENIR\" class=\"read-more\" href=\"https:\/\/www.06planet.org\/en\/nous-soutenir\/\" aria-label=\"More on NOUS SOUTENIR\">Read more<\/a><\/p>","protected":false},"author":2,"featured_media":0,"parent":0,"menu_order":0,"comment_status":"closed","ping_status":"closed","template":"","meta":{"footnotes":""},"class_list":["post-2770","page","type-page","status-publish"],"yoast_head":"<!-- This site is optimized with the Yoast SEO plugin v27.4 - https:\/\/yoast.com\/product\/yoast-seo-wordpress\/ -->\n<title>NOUS SOUTENIR - 0.6 Planet<\/title>\n<meta name=\"description\" content=\"Soutenir l&#039;\u00e9cologie \u00e0 travers 0.6Planet soit par un don, soit en investissant contre r\u00e9mun\u00e9ration, \u00e0 la construction des \u00e9covillages.\" \/>\n<meta name=\"robots\" content=\"index, follow, max-snippet:-1, max-image-preview:large, max-video-preview:-1\" \/>\n<link rel=\"canonical\" href=\"https:\/\/www.06planet.org\/en\/nous-soutenir\/\" \/>\n<meta property=\"og:locale\" content=\"en_GB\" \/>\n<meta property=\"og:type\" content=\"article\" \/>\n<meta property=\"og:title\" content=\"NOUS SOUTENIR - 0.6 Planet\" \/>\n<meta property=\"og:description\" content=\"Soutenir l&#039;\u00e9cologie \u00e0 travers 0.6Planet soit par un don, soit en investissant contre r\u00e9mun\u00e9ration, \u00e0 la construction des \u00e9covillages.\" \/>\n<meta property=\"og:url\" content=\"https:\/\/www.06planet.org\/en\/nous-soutenir\/\" \/>\n<meta property=\"og:site_name\" content=\"0.6 Planet\" \/>\n<meta property=\"article:publisher\" content=\"https:\/\/www.facebook.com\/0.6Planet\/\" \/>\n<meta property=\"article:modified_time\" content=\"2023-10-09T08:06:05+00:00\" \/>\n<meta property=\"og:image\" content=\"https:\/\/mlw3muorq6zz.i.optimole.com\/w:auto\/h:auto\/q:mauto\/f:best\/https:\/\/www.06planet.org\/wp-content\/uploads\/2021\/05\/logo-planet-retina.png\" \/>\n\t<meta property=\"og:image:width\" content=\"1400\" \/>\n\t<meta property=\"og:image:height\" content=\"1400\" \/>\n\t<meta property=\"og:image:type\" content=\"image\/png\" \/>\n<meta name=\"twitter:card\" content=\"summary_large_image\" \/>\n<meta name=\"twitter:label1\" content=\"Estimated reading time\" \/>\n\t<meta name=\"twitter:data1\" content=\"1 minute\" \/>\n<script type=\"application\/ld+json\" class=\"yoast-schema-graph\">{\"@context\":\"https:\\\/\\\/schema.org\",\"@graph\":[{\"@type\":\"WebPage\",\"@id\":\"https:\\\/\\\/www.06planet.org\\\/nous-soutenir\\\/\",\"url\":\"https:\\\/\\\/www.06planet.org\\\/nous-soutenir\\\/\",\"name\":\"NOUS SOUTENIR - 0.6 Planet\",\"isPartOf\":{\"@id\":\"https:\\\/\\\/www.06planet.org\\\/fr\\\/#website\"},\"datePublished\":\"2022-10-11T16:07:31+00:00\",\"dateModified\":\"2023-10-09T08:06:05+00:00\",\"description\":\"Soutenir l'\u00e9cologie \u00e0 travers 0.6Planet soit par un don, soit en investissant contre r\u00e9mun\u00e9ration, \u00e0 la construction des \u00e9covillages.\",\"breadcrumb\":{\"@id\":\"https:\\\/\\\/www.06planet.org\\\/nous-soutenir\\\/#breadcrumb\"},\"inLanguage\":\"en-GB\",\"potentialAction\":[{\"@type\":\"ReadAction\",\"target\":[\"https:\\\/\\\/www.06planet.org\\\/nous-soutenir\\\/\"]}]},{\"@type\":\"BreadcrumbList\",\"@id\":\"https:\\\/\\\/www.06planet.org\\\/nous-soutenir\\\/#breadcrumb\",\"itemListElement\":[{\"@type\":\"ListItem\",\"position\":1,\"name\":\"Accueil\",\"item\":\"https:\\\/\\\/www.06planet.org\\\/\"},{\"@type\":\"ListItem\",\"position\":2,\"name\":\"NOUS SOUTENIR\"}]},{\"@type\":\"WebSite\",\"@id\":\"https:\\\/\\\/www.06planet.org\\\/fr\\\/#website\",\"url\":\"https:\\\/\\\/www.06planet.org\\\/fr\\\/\",\"name\":\"0.6 Planet\",\"description\":\"l&#039;empreinte d&#039;un monde meilleur\",\"publisher\":{\"@id\":\"https:\\\/\\\/www.06planet.org\\\/fr\\\/#organization\"},\"potentialAction\":[{\"@type\":\"SearchAction\",\"target\":{\"@type\":\"EntryPoint\",\"urlTemplate\":\"https:\\\/\\\/www.06planet.org\\\/fr\\\/?s={search_term_string}\"},\"query-input\":{\"@type\":\"PropertyValueSpecification\",\"valueRequired\":true,\"valueName\":\"search_term_string\"}}],\"inLanguage\":\"en-GB\"},{\"@type\":\"Organization\",\"@id\":\"https:\\\/\\\/www.06planet.org\\\/fr\\\/#organization\",\"name\":\"0.6 Planet\",\"url\":\"https:\\\/\\\/www.06planet.org\\\/fr\\\/\",\"logo\":{\"@type\":\"ImageObject\",\"inLanguage\":\"en-GB\",\"@id\":\"https:\\\/\\\/www.06planet.org\\\/fr\\\/#\\\/schema\\\/logo\\\/image\\\/\",\"url\":\"https:\\/\\/www.06planet.org\\/wp-content\\/uploads\\/2021\\/05\\/logo-planet-retina.png\",\"contentUrl\":\"https:\\/\\/www.06planet.org\\/wp-content\\/uploads\\/2021\\/05\\/logo-planet-retina.png\",\"width\":1400,\"height\":1400,\"caption\":\"0.6 Planet\"},\"image\":{\"@id\":\"https:\\\/\\\/www.06planet.org\\\/fr\\\/#\\\/schema\\\/logo\\\/image\\\/\"},\"sameAs\":[\"https:\\\/\\\/www.facebook.com\\\/0.6Planet\\\/\",\"https:\\\/\\\/www.youtube.com\\\/channel\\\/UCkLfI8BT3ZjRhV7hJu04XGA\"]}]}<\/script>\n<!-- \/ Yoast SEO plugin. -->","yoast_head_json":{"title":"NOUS SOUTENIR - 0.6 Planet","description":"Soutenir l'\u00e9cologie \u00e0 travers 0.6Planet soit par un don, soit en investissant contre r\u00e9mun\u00e9ration, \u00e0 la construction des \u00e9covillages.","robots":{"index":"index","follow":"follow","max-snippet":"max-snippet:-1","max-image-preview":"max-image-preview:large","max-video-preview":"max-video-preview:-1"},"canonical":"https:\/\/www.06planet.org\/en\/nous-soutenir\/","og_locale":"en_GB","og_type":"article","og_title":"NOUS SOUTENIR - 0.6 Planet","og_description":"Soutenir l'\u00e9cologie \u00e0 travers 0.6Planet soit par un don, soit en investissant contre r\u00e9mun\u00e9ration, \u00e0 la construction des \u00e9covillages.","og_url":"https:\/\/www.06planet.org\/en\/nous-soutenir\/","og_site_name":"0.6 Planet","article_publisher":"https:\/\/www.facebook.com\/0.6Planet\/","article_modified_time":"2023-10-09T08:06:05+00:00","og_image":[{"width":1400,"height":1400,"url":"https:\/\/mlw3muorq6zz.i.optimole.com\/w:auto\/h:auto\/q:mauto\/f:best\/https:\/\/www.06planet.org\/wp-content\/uploads\/2021\/05\/logo-planet-retina.png","type":"image\/png"}],"twitter_card":"summary_large_image","twitter_misc":{"Estimated reading time":"1 minute"},"schema":{"@context":"https:\/\/schema.org","@graph":[{"@type":"WebPage","@id":"https:\/\/www.06planet.org\/nous-soutenir\/","url":"https:\/\/www.06planet.org\/nous-soutenir\/","name":"NOUS SOUTENIR - 0.6 Planet","isPartOf":{"@id":"https:\/\/www.06planet.org\/fr\/#website"},"datePublished":"2022-10-11T16:07:31+00:00","dateModified":"2023-10-09T08:06:05+00:00","description":"Soutenir l'\u00e9cologie \u00e0 travers 0.6Planet soit par un don, soit en investissant contre r\u00e9mun\u00e9ration, \u00e0 la construction des \u00e9covillages.","breadcrumb":{"@id":"https:\/\/www.06planet.org\/nous-soutenir\/#breadcrumb"},"inLanguage":"en-GB","potentialAction":[{"@type":"ReadAction","target":["https:\/\/www.06planet.org\/nous-soutenir\/"]}]},{"@type":"BreadcrumbList","@id":"https:\/\/www.06planet.org\/nous-soutenir\/#breadcrumb","itemListElement":[{"@type":"ListItem","position":1,"name":"Accueil","item":"https:\/\/www.06planet.org\/"},{"@type":"ListItem","position":2,"name":"NOUS SOUTENIR"}]},{"@type":"WebSite","@id":"https:\/\/www.06planet.org\/fr\/#website","url":"https:\/\/www.06planet.org\/fr\/","name":"0.6 Planet","description":"l&#039;empreinte d&#039;un monde meilleur","publisher":{"@id":"https:\/\/www.06planet.org\/fr\/#organization"},"potentialAction":[{"@type":"SearchAction","target":{"@type":"EntryPoint","urlTemplate":"https:\/\/www.06planet.org\/fr\/?s={search_term_string}"},"query-input":{"@type":"PropertyValueSpecification","valueRequired":true,"valueName":"search_term_string"}}],"inLanguage":"en-GB"},{"@type":"Organization","@id":"https:\/\/www.06planet.org\/fr\/#organization","name":"0.6 Planet","url":"https:\/\/www.06planet.org\/fr\/","logo":{"@type":"ImageObject","inLanguage":"en-GB","@id":"https:\/\/www.06planet.org\/fr\/#\/schema\/logo\/image\/","url":"https:\/\/mlw3muorq6zz.i.optimole.com\/w:auto\/h:auto\/q:mauto\/f:best\/https:\/\/www.06planet.org\/wp-content\/uploads\/2021\/05\/logo-planet-retina.png","contentUrl":"https:\/\/mlw3muorq6zz.i.optimole.com\/w:auto\/h:auto\/q:mauto\/f:best\/https:\/\/www.06planet.org\/wp-content\/uploads\/2021\/05\/logo-planet-retina.png","width":1400,"height":1400,"caption":"0.6 Planet"},"image":{"@id":"https:\/\/www.06planet.org\/fr\/#\/schema\/logo\/image\/"},"sameAs":["https:\/\/www.facebook.com\/0.6Planet\/","https:\/\/www.youtube.com\/channel\/UCkLfI8BT3ZjRhV7hJu04XGA"]}]}},"_links":{"self":[{"href":"https:\/\/www.06planet.org\/en\/wp-json\/wp\/v2\/pages\/2770","targetHints":{"allow":["GET"]}}],"collection":[{"href":"https:\/\/www.06planet.org\/en\/wp-json\/wp\/v2\/pages"}],"about":[{"href":"https:\/\/www.06planet.org\/en\/wp-json\/wp\/v2\/types\/page"}],"author":[{"embeddable":true,"href":"https:\/\/www.06planet.org\/en\/wp-json\/wp\/v2\/users\/2"}],"replies":[{"embeddable":true,"href":"https:\/\/www.06planet.org\/en\/wp-json\/wp\/v2\/comments?post=2770"}],"version-history":[{"count":32,"href":"https:\/\/www.06planet.org\/en\/wp-json\/wp\/v2\/pages\/2770\/revisions"}],"predecessor-version":[{"id":3104,"href":"https:\/\/www.06planet.org\/en\/wp-json\/wp\/v2\/pages\/2770\/revisions\/3104"}],"wp:attachment":[{"href":"https:\/\/www.06planet.org\/en\/wp-json\/wp\/v2\/media?parent=2770"}],"curies":[{"name":"wp","href":"https:\/\/api.w.org\/{rel}","templated":true}]}}